{"id":2897,"date":"2017-02-07T19:42:04","date_gmt":"2017-02-07T19:42:04","guid":{"rendered":"http:\/\/huescadrones.es\/beta\/?page_id=2897"},"modified":"2023-06-18T07:31:03","modified_gmt":"2023-06-18T05:31:03","slug":"cursos","status":"publish","type":"page","link":"https:\/\/huescadrones.es\/hddrones\/cursos\/","title":{"rendered":"Cursos"},"content":{"rendered":"<div style=\"padding: 12px; background-color: #7b9ec0; line-height: 1.4; text-align: center;\"><span style=\"color: #ffffff;\"><strong>Normalmente, lo que nos da m\u00e1s miedo hacer es lo que m\u00e1s necesitamos hacer<\/strong><\/span><\/div>\n<p>&nbsp;<\/p>\n<div style=\"position: relative; height: 0; padding-bottom: 56.25%;\"><iframe loading=\"lazy\" style=\"position: absolute; width: 100%; height: 100%; left: 0;\" src=\"https:\/\/www.youtube.com\/embed\/WINMVXd4bwA\" width=\"640\" height=\"360\" frameborder=\"0\" allowfullscreen=\"allowfullscreen\"><\/iframe><\/div>\n<p>&nbsp;<\/p>\n<div style=\"padding: 12px; background-color: #7b9ec0; line-height: 1.4; text-align: center;\">\n<h4 style=\"text-align: center;\"><span style=\"color: #ffffff;\"><a style=\"color: #ffffff;\" href=\"https:\/\/hd-drones.es\/cursos-de-drones\/\" target=\"_blank\" rel=\"noopener\">CURSOS<\/a><\/span><\/h4>\n<\/div>\n<p>&nbsp;<\/p>\n<div style=\"padding: 12px; background-color: #7b9ec0; line-height: 1.4; text-align: center;\"><a href=\"https:\/\/www.facebook.com\/DronesHuesca\/\"><span style=\"color: #ffffff;\">Inf\u00f3rmate desde Facebook<\/span><\/a><\/div>\n","protected":false},"excerpt":{"rendered":"<p>Normalmente, lo que nos da m\u00e1s miedo hacer es lo que m\u00e1s necesitamos hacer &nbsp; &nbsp; CURSOS &nbsp; Inf\u00f3rmate desde Facebook<\/p>\n","protected":false},"author":3,"featured_media":3227,"parent":0,"menu_order":0,"comment_status":"closed","ping_status":"closed","template":"","meta":{"footnotes":""},"class_list":["post-2897","page","type-page","status-publish","has-post-thumbnail","czr-hentry"],"yoast_head":"<!-- This site is optimized with the Yoast SEO plugin v27.3 - https:\/\/yoast.com\/product\/yoast-seo-wordpress\/ -->\n<title>Escuela piloto de drones<\/title>\n<meta name=\"description\" content=\"Escuela piloto de drones\" \/>\n<meta name=\"robots\" content=\"index, follow, max-snippet:-1, max-image-preview:large, max-video-preview:-1\" \/>\n<link rel=\"canonical\" href=\"https:\/\/huescadrones.es\/hddrones\/cursos\/\" \/>\n<meta property=\"og:locale\" content=\"es_ES\" \/>\n<meta property=\"og:type\" content=\"article\" \/>\n<meta property=\"og:title\" content=\"Escuela piloto de drones\" \/>\n<meta property=\"og:description\" content=\"Escuela piloto de drones\" \/>\n<meta property=\"og:url\" content=\"https:\/\/huescadrones.es\/hddrones\/cursos\/\" \/>\n<meta property=\"og:site_name\" content=\"HD Drones\" \/>\n<meta property=\"article:publisher\" content=\"https:\/\/www.facebook.com\/DronesHuesca\/\" \/>\n<meta property=\"article:modified_time\" content=\"2023-06-18T05:31:03+00:00\" \/>\n<meta property=\"og:image\" content=\"https:\/\/huescadrones.es\/hddrones\/wp-content\/uploads\/2017\/02\/Atos.jpg\" \/>\n\t<meta property=\"og:image:width\" content=\"1920\" \/>\n\t<meta property=\"og:image:height\" content=\"1080\" \/>\n\t<meta property=\"og:image:type\" content=\"image\/jpeg\" \/>\n<meta name=\"twitter:card\" content=\"summary_large_image\" \/>\n<meta name=\"twitter:site\" content=\"@Leoword\" \/>\n<meta name=\"twitter:label1\" content=\"Tiempo de lectura\" \/>\n\t<meta name=\"twitter:data1\" content=\"1 minuto\" \/>\n<script type=\"application\/ld+json\" class=\"yoast-schema-graph\">{\"@context\":\"https:\\\/\\\/schema.org\",\"@graph\":[{\"@type\":\"WebPage\",\"@id\":\"https:\\\/\\\/huescadrones.es\\\/hddrones\\\/cursos\\\/\",\"url\":\"https:\\\/\\\/huescadrones.es\\\/hddrones\\\/cursos\\\/\",\"name\":\"Escuela piloto de drones\",\"isPartOf\":{\"@id\":\"https:\\\/\\\/huescadrones.es\\\/hddrones\\\/#website\"},\"primaryImageOfPage\":{\"@id\":\"https:\\\/\\\/huescadrones.es\\\/hddrones\\\/cursos\\\/#primaryimage\"},\"image\":{\"@id\":\"https:\\\/\\\/huescadrones.es\\\/hddrones\\\/cursos\\\/#primaryimage\"},\"thumbnailUrl\":\"https:\\\/\\\/huescadrones.es\\\/hddrones\\\/wp-content\\\/uploads\\\/2017\\\/02\\\/Atos.jpg\",\"datePublished\":\"2017-02-07T19:42:04+00:00\",\"dateModified\":\"2023-06-18T05:31:03+00:00\",\"description\":\"Escuela piloto de drones\",\"breadcrumb\":{\"@id\":\"https:\\\/\\\/huescadrones.es\\\/hddrones\\\/cursos\\\/#breadcrumb\"},\"inLanguage\":\"es\",\"potentialAction\":[{\"@type\":\"ReadAction\",\"target\":[\"https:\\\/\\\/huescadrones.es\\\/hddrones\\\/cursos\\\/\"]}]},{\"@type\":\"ImageObject\",\"inLanguage\":\"es\",\"@id\":\"https:\\\/\\\/huescadrones.es\\\/hddrones\\\/cursos\\\/#primaryimage\",\"url\":\"https:\\\/\\\/huescadrones.es\\\/hddrones\\\/wp-content\\\/uploads\\\/2017\\\/02\\\/Atos.jpg\",\"contentUrl\":\"https:\\\/\\\/huescadrones.es\\\/hddrones\\\/wp-content\\\/uploads\\\/2017\\\/02\\\/Atos.jpg\",\"width\":1920,\"height\":1080},{\"@type\":\"BreadcrumbList\",\"@id\":\"https:\\\/\\\/huescadrones.es\\\/hddrones\\\/cursos\\\/#breadcrumb\",\"itemListElement\":[{\"@type\":\"ListItem\",\"position\":1,\"name\":\"Portada\",\"item\":\"https:\\\/\\\/huescadrones.es\\\/hddrones\\\/\"},{\"@type\":\"ListItem\",\"position\":2,\"name\":\"Cursos\"}]},{\"@type\":\"WebSite\",\"@id\":\"https:\\\/\\\/huescadrones.es\\\/hddrones\\\/#website\",\"url\":\"https:\\\/\\\/huescadrones.es\\\/hddrones\\\/\",\"name\":\"HD Drones\",\"description\":\"Instructores en Arag\u00f3n, ATO 238\",\"publisher\":{\"@id\":\"https:\\\/\\\/huescadrones.es\\\/hddrones\\\/#organization\"},\"potentialAction\":[{\"@type\":\"SearchAction\",\"target\":{\"@type\":\"EntryPoint\",\"urlTemplate\":\"https:\\\/\\\/huescadrones.es\\\/hddrones\\\/?s={search_term_string}\"},\"query-input\":{\"@type\":\"PropertyValueSpecification\",\"valueRequired\":true,\"valueName\":\"search_term_string\"}}],\"inLanguage\":\"es\"},{\"@type\":\"Organization\",\"@id\":\"https:\\\/\\\/huescadrones.es\\\/hddrones\\\/#organization\",\"name\":\"HD Drones\",\"url\":\"https:\\\/\\\/huescadrones.es\\\/hddrones\\\/\",\"logo\":{\"@type\":\"ImageObject\",\"inLanguage\":\"es\",\"@id\":\"https:\\\/\\\/huescadrones.es\\\/hddrones\\\/#\\\/schema\\\/logo\\\/image\\\/\",\"url\":\"https:\\\/\\\/huescadrones.es\\\/hddrones\\\/wp-content\\\/uploads\\\/2015\\\/12\\\/logovideo.png\",\"contentUrl\":\"https:\\\/\\\/huescadrones.es\\\/hddrones\\\/wp-content\\\/uploads\\\/2015\\\/12\\\/logovideo.png\",\"width\":50,\"height\":50,\"caption\":\"HD Drones\"},\"image\":{\"@id\":\"https:\\\/\\\/huescadrones.es\\\/hddrones\\\/#\\\/schema\\\/logo\\\/image\\\/\"},\"sameAs\":[\"https:\\\/\\\/www.facebook.com\\\/DronesHuesca\\\/\",\"https:\\\/\\\/x.com\\\/Leoword\",\"https:\\\/\\\/www.instagram.com\\\/alfredoclaver\\\/\",\"https:\\\/\\\/www.linkedin.com\\\/in\\\/alfredo-claver-turiegano-a1466128\\\/\",\"https:\\\/\\\/es.pinterest.com\\\/cuentamelo\\\/huesca-drones\\\/\",\"https:\\\/\\\/www.youtube.com\\\/channel\\\/UCIz564ElJKwd7IigIs3CWhg\"]}]}<\/script>\n<!-- \/ Yoast SEO plugin. -->","yoast_head_json":{"title":"Escuela piloto de drones","description":"Escuela piloto de drones","robots":{"index":"index","follow":"follow","max-snippet":"max-snippet:-1","max-image-preview":"max-image-preview:large","max-video-preview":"max-video-preview:-1"},"canonical":"https:\/\/huescadrones.es\/hddrones\/cursos\/","og_locale":"es_ES","og_type":"article","og_title":"Escuela piloto de drones","og_description":"Escuela piloto de drones","og_url":"https:\/\/huescadrones.es\/hddrones\/cursos\/","og_site_name":"HD Drones","article_publisher":"https:\/\/www.facebook.com\/DronesHuesca\/","article_modified_time":"2023-06-18T05:31:03+00:00","og_image":[{"width":1920,"height":1080,"url":"https:\/\/huescadrones.es\/hddrones\/wp-content\/uploads\/2017\/02\/Atos.jpg","type":"image\/jpeg"}],"twitter_card":"summary_large_image","twitter_site":"@Leoword","twitter_misc":{"Tiempo de lectura":"1 minuto"},"schema":{"@context":"https:\/\/schema.org","@graph":[{"@type":"WebPage","@id":"https:\/\/huescadrones.es\/hddrones\/cursos\/","url":"https:\/\/huescadrones.es\/hddrones\/cursos\/","name":"Escuela piloto de drones","isPartOf":{"@id":"https:\/\/huescadrones.es\/hddrones\/#website"},"primaryImageOfPage":{"@id":"https:\/\/huescadrones.es\/hddrones\/cursos\/#primaryimage"},"image":{"@id":"https:\/\/huescadrones.es\/hddrones\/cursos\/#primaryimage"},"thumbnailUrl":"https:\/\/huescadrones.es\/hddrones\/wp-content\/uploads\/2017\/02\/Atos.jpg","datePublished":"2017-02-07T19:42:04+00:00","dateModified":"2023-06-18T05:31:03+00:00","description":"Escuela piloto de drones","breadcrumb":{"@id":"https:\/\/huescadrones.es\/hddrones\/cursos\/#breadcrumb"},"inLanguage":"es","potentialAction":[{"@type":"ReadAction","target":["https:\/\/huescadrones.es\/hddrones\/cursos\/"]}]},{"@type":"ImageObject","inLanguage":"es","@id":"https:\/\/huescadrones.es\/hddrones\/cursos\/#primaryimage","url":"https:\/\/huescadrones.es\/hddrones\/wp-content\/uploads\/2017\/02\/Atos.jpg","contentUrl":"https:\/\/huescadrones.es\/hddrones\/wp-content\/uploads\/2017\/02\/Atos.jpg","width":1920,"height":1080},{"@type":"BreadcrumbList","@id":"https:\/\/huescadrones.es\/hddrones\/cursos\/#breadcrumb","itemListElement":[{"@type":"ListItem","position":1,"name":"Portada","item":"https:\/\/huescadrones.es\/hddrones\/"},{"@type":"ListItem","position":2,"name":"Cursos"}]},{"@type":"WebSite","@id":"https:\/\/huescadrones.es\/hddrones\/#website","url":"https:\/\/huescadrones.es\/hddrones\/","name":"HD Drones","description":"Instructores en Arag\u00f3n, ATO 238","publisher":{"@id":"https:\/\/huescadrones.es\/hddrones\/#organization"},"potentialAction":[{"@type":"SearchAction","target":{"@type":"EntryPoint","urlTemplate":"https:\/\/huescadrones.es\/hddrones\/?s={search_term_string}"},"query-input":{"@type":"PropertyValueSpecification","valueRequired":true,"valueName":"search_term_string"}}],"inLanguage":"es"},{"@type":"Organization","@id":"https:\/\/huescadrones.es\/hddrones\/#organization","name":"HD Drones","url":"https:\/\/huescadrones.es\/hddrones\/","logo":{"@type":"ImageObject","inLanguage":"es","@id":"https:\/\/huescadrones.es\/hddrones\/#\/schema\/logo\/image\/","url":"https:\/\/huescadrones.es\/hddrones\/wp-content\/uploads\/2015\/12\/logovideo.png","contentUrl":"https:\/\/huescadrones.es\/hddrones\/wp-content\/uploads\/2015\/12\/logovideo.png","width":50,"height":50,"caption":"HD Drones"},"image":{"@id":"https:\/\/huescadrones.es\/hddrones\/#\/schema\/logo\/image\/"},"sameAs":["https:\/\/www.facebook.com\/DronesHuesca\/","https:\/\/x.com\/Leoword","https:\/\/www.instagram.com\/alfredoclaver\/","https:\/\/www.linkedin.com\/in\/alfredo-claver-turiegano-a1466128\/","https:\/\/es.pinterest.com\/cuentamelo\/huesca-drones\/","https:\/\/www.youtube.com\/channel\/UCIz564ElJKwd7IigIs3CWhg"]}]}},"jetpack_sharing_enabled":false,"_links":{"self":[{"href":"https:\/\/huescadrones.es\/hddrones\/wp-json\/wp\/v2\/pages\/2897","targetHints":{"allow":["GET"]}}],"collection":[{"href":"https:\/\/huescadrones.es\/hddrones\/wp-json\/wp\/v2\/pages"}],"about":[{"href":"https:\/\/huescadrones.es\/hddrones\/wp-json\/wp\/v2\/types\/page"}],"author":[{"embeddable":true,"href":"https:\/\/huescadrones.es\/hddrones\/wp-json\/wp\/v2\/users\/3"}],"replies":[{"embeddable":true,"href":"https:\/\/huescadrones.es\/hddrones\/wp-json\/wp\/v2\/comments?post=2897"}],"version-history":[{"count":0,"href":"https:\/\/huescadrones.es\/hddrones\/wp-json\/wp\/v2\/pages\/2897\/revisions"}],"wp:featuredmedia":[{"embeddable":true,"href":"https:\/\/huescadrones.es\/hddrones\/wp-json\/wp\/v2\/media\/3227"}],"wp:attachment":[{"href":"https:\/\/huescadrones.es\/hddrones\/wp-json\/wp\/v2\/media?parent=2897"}],"curies":[{"name":"wp","href":"https:\/\/api.w.org\/{rel}","templated":true}]}}