{"id":2906,"date":"2017-02-07T20:12:09","date_gmt":"2017-02-07T20:12:09","guid":{"rendered":"http:\/\/huescadrones.es\/beta\/?page_id=2906"},"modified":"2023-06-17T23:34:37","modified_gmt":"2023-06-17T21:34:37","slug":"drones","status":"publish","type":"page","link":"https:\/\/huescadrones.es\/hddrones\/drones\/","title":{"rendered":"Drones"},"content":{"rendered":"<div style=\"padding: 12px; background-color: #48b684; line-height: 1.4; text-align: center;\"><span style=\"color: #ffffff;\"><strong>La tecnolog\u00eda se alimenta a si misma. La tecnolog\u00eda hace posible m\u00e1s tecnolog\u00eda<\/strong><\/span><\/div>\n<p>&nbsp;<\/p>\n<div style=\"position: relative; height: 0; padding-bottom: 56.25%;\"><iframe loading=\"lazy\" style=\"position: absolute; width: 100%; height: 100%; left: 0;\" src=\"https:\/\/www.youtube.com\/embed\/wbxV9SA_idA?ecver=2\" width=\"640\" height=\"360\" frameborder=\"0\" allowfullscreen=\"allowfullscreen\"><\/iframe><\/div>\n<p>&nbsp;<\/p>\n<div style=\"padding: 12px; background-color: #48b684; line-height: 1.4; text-align: center;\"><\/div>\n<p>&nbsp;<\/p>\n\n\t\t<style type=\"text\/css\">\n\t\t\t#gallery-1 {\n\t\t\t\tmargin: auto;\n\t\t\t}\n\t\t\t#gallery-1 .gallery-item {\n\t\t\t\tfloat: left;\n\t\t\t\tmargin-top: 10px;\n\t\t\t\ttext-align: center;\n\t\t\t\twidth: 25%;\n\t\t\t}\n\t\t\t#gallery-1 img {\n\t\t\t\tborder: 2px solid #cfcfcf;\n\t\t\t}\n\t\t\t#gallery-1 .gallery-caption {\n\t\t\t\tmargin-left: 0;\n\t\t\t}\n\t\t\t\/* see gallery_shortcode() in wp-includes\/media.php *\/\n\t\t<\/style>\n\t\t<div id='gallery-1' class='gallery galleryid-2906 gallery-columns-4 gallery-size-medium'><dl class='gallery-item'>\n\t\t\t<dt class='gallery-icon landscape'>\n\t\t\t\t<a class=\"grouped_elements\" rel=\"tc-fancybox-group\" href=\"https:\/\/huescadrones.es\/hddrones\/wp-content\/uploads\/2017\/02\/flamewheel-891f42a68f136361e6b86249ef14515b-1.png\" title=\"F550-EVO\"><img loading=\"lazy\" decoding=\"async\" width=\"300\" height=\"150\" src=\"https:\/\/huescadrones.es\/hddrones\/wp-content\/uploads\/2017\/02\/flamewheel-891f42a68f136361e6b86249ef14515b-1-300x150.png\" class=\"attachment-medium size-medium\" alt=\"\" srcset=\"https:\/\/huescadrones.es\/hddrones\/wp-content\/uploads\/2017\/02\/flamewheel-891f42a68f136361e6b86249ef14515b-1-300x150.png 300w, https:\/\/huescadrones.es\/hddrones\/wp-content\/uploads\/2017\/02\/flamewheel-891f42a68f136361e6b86249ef14515b-1.png 351w\" sizes=\"auto, (max-width: 300px) 100vw, 300px\" \/><\/a>\n\t\t\t<\/dt><\/dl><dl class='gallery-item'>\n\t\t\t<dt class='gallery-icon landscape'>\n\t\t\t\t<a class=\"grouped_elements\" rel=\"tc-fancybox-group\" href=\"https:\/\/huescadrones.es\/hddrones\/wp-content\/uploads\/2017\/02\/octo-fumigador-buena-de-lado-1024x506-1.png\" title=\"OCTO-FUMIGADOR SPIFF\"><img loading=\"lazy\" decoding=\"async\" width=\"300\" height=\"148\" src=\"https:\/\/huescadrones.es\/hddrones\/wp-content\/uploads\/2017\/02\/octo-fumigador-buena-de-lado-1024x506-1-300x148.png\" class=\"attachment-medium size-medium\" alt=\"\" srcset=\"https:\/\/huescadrones.es\/hddrones\/wp-content\/uploads\/2017\/02\/octo-fumigador-buena-de-lado-1024x506-1-300x148.png 300w, https:\/\/huescadrones.es\/hddrones\/wp-content\/uploads\/2017\/02\/octo-fumigador-buena-de-lado-1024x506-1-768x380.png 768w, https:\/\/huescadrones.es\/hddrones\/wp-content\/uploads\/2017\/02\/octo-fumigador-buena-de-lado-1024x506-1.png 809w\" sizes=\"auto, (max-width: 300px) 100vw, 300px\" \/><\/a>\n\t\t\t<\/dt><\/dl><dl class='gallery-item'>\n\t\t\t<dt class='gallery-icon landscape'>\n\t\t\t\t<a class=\"grouped_elements\" rel=\"tc-fancybox-group\" href=\"https:\/\/huescadrones.es\/hddrones\/wp-content\/uploads\/2017\/02\/hexa-spiff-bueno-1024x684-1.png\" title=\"HEXA-SPIFF266\"><img loading=\"lazy\" decoding=\"async\" width=\"300\" height=\"200\" src=\"https:\/\/huescadrones.es\/hddrones\/wp-content\/uploads\/2017\/02\/hexa-spiff-bueno-1024x684-1-300x200.png\" class=\"attachment-medium size-medium\" alt=\"\" srcset=\"https:\/\/huescadrones.es\/hddrones\/wp-content\/uploads\/2017\/02\/hexa-spiff-bueno-1024x684-1-300x200.png 300w, https:\/\/huescadrones.es\/hddrones\/wp-content\/uploads\/2017\/02\/hexa-spiff-bueno-1024x684-1.png 599w\" sizes=\"auto, (max-width: 300px) 100vw, 300px\" \/><\/a>\n\t\t\t<\/dt><\/dl><dl class='gallery-item'>\n\t\t\t<dt class='gallery-icon landscape'>\n\t\t\t\t<a class=\"grouped_elements\" rel=\"tc-fancybox-group\" href=\"https:\/\/huescadrones.es\/hddrones\/wp-content\/uploads\/2017\/02\/348-spiff-1024x1024-1.png\" title=\"248-SPIFF\"><img loading=\"lazy\" decoding=\"async\" width=\"300\" height=\"179\" src=\"https:\/\/huescadrones.es\/hddrones\/wp-content\/uploads\/2017\/02\/348-spiff-1024x1024-1-300x179.png\" class=\"attachment-medium size-medium\" alt=\"\" srcset=\"https:\/\/huescadrones.es\/hddrones\/wp-content\/uploads\/2017\/02\/348-spiff-1024x1024-1-300x179.png 300w, https:\/\/huescadrones.es\/hddrones\/wp-content\/uploads\/2017\/02\/348-spiff-1024x1024-1.png 672w\" sizes=\"auto, (max-width: 300px) 100vw, 300px\" \/><\/a>\n\t\t\t<\/dt><\/dl><br style=\"clear: both\" \/>\n\t\t<\/div>\n\n<p>&nbsp;<\/p>\n<h3 style=\"padding: 12px; background-color: #48b684; line-height: 1.4; text-align: center;\"><span style=\"color: #ffffff;\"><strong>SPIFF<\/strong><\/span><\/h3>\n<p>&nbsp;<\/p>\n<p>Una de las principales caracter\u00edsticas de una empresa es estar en la vanguardia tecnol\u00f3gica, es por eso, que desde 2013 nos hemos especializado en el dise\u00f1o y fabricaci\u00f3n de RPA y sus accesorios que son creados para adaptarse a las m\u00e1s diversas necesidades.<br \/>\nDise\u00f1ar y ofrecerte una aeronave especializada para tus trabajos, estabilizadores de c\u00e1maras a medida, detectores de gases&#8230;. es el reto que nos propones y nosotros te ayudamos a llevar a la realidad.<\/p>\n<p>&nbsp;<\/p>\n<p style=\"padding: 12px; background-color: #48b684; line-height: 1.4; text-align: center;\"><a href=\"https:\/\/huescadrones.es\/hddrones\/contacto\/\"><span style=\"color: #ffffff;\"><strong>Asesoramiento gratuito<\/strong><\/span><\/a><\/p>\n","protected":false},"excerpt":{"rendered":"<p>La tecnolog\u00eda se alimenta a si misma. La tecnolog\u00eda hace posible m\u00e1s tecnolog\u00eda &nbsp; &nbsp; &nbsp; &nbsp; SPIFF &nbsp; Una de las principales caracter\u00edsticas de una empresa es estar en la vanguardia tecnol\u00f3gica, es por eso, que desde 2013 nos hemos especializado en el dise\u00f1o y fabricaci\u00f3n de RPA y sus accesorios que son creados [&hellip;]<\/p>\n","protected":false},"author":3,"featured_media":3226,"parent":0,"menu_order":0,"comment_status":"closed","ping_status":"closed","template":"","meta":{"footnotes":""},"class_list":["post-2906","page","type-page","status-publish","has-post-thumbnail","czr-hentry"],"yoast_head":"<!-- This site is optimized with the Yoast SEO plugin v27.3 - https:\/\/yoast.com\/product\/yoast-seo-wordpress\/ -->\n<title>Drones * HD Drones<\/title>\n<meta name=\"description\" content=\"Dise\u00f1ar y ofrecerte una aeronave especializada para tus trabajos, estabilizadores de c\u00e1maras a medida, detectores de gases...\" \/>\n<meta name=\"robots\" content=\"index, follow, max-snippet:-1, max-image-preview:large, max-video-preview:-1\" \/>\n<link rel=\"canonical\" href=\"https:\/\/huescadrones.es\/hddrones\/drones\/\" \/>\n<meta property=\"og:locale\" content=\"es_ES\" \/>\n<meta property=\"og:type\" content=\"article\" \/>\n<meta property=\"og:title\" content=\"Drones * HD Drones\" \/>\n<meta property=\"og:description\" content=\"Dise\u00f1ar y ofrecerte una aeronave especializada para tus trabajos, estabilizadores de c\u00e1maras a medida, detectores de gases...\" \/>\n<meta property=\"og:url\" content=\"https:\/\/huescadrones.es\/hddrones\/drones\/\" \/>\n<meta property=\"og:site_name\" content=\"HD Drones\" \/>\n<meta property=\"article:publisher\" content=\"https:\/\/www.facebook.com\/DronesHuesca\/\" \/>\n<meta property=\"article:modified_time\" content=\"2023-06-17T21:34:37+00:00\" \/>\n<meta property=\"og:image\" content=\"https:\/\/huescadrones.es\/hddrones\/wp-content\/uploads\/2017\/02\/preguntas_frecuentes.jpg\" \/>\n\t<meta property=\"og:image:width\" content=\"1920\" \/>\n\t<meta property=\"og:image:height\" content=\"1080\" \/>\n\t<meta property=\"og:image:type\" content=\"image\/jpeg\" \/>\n<meta name=\"twitter:card\" content=\"summary_large_image\" \/>\n<meta name=\"twitter:site\" content=\"@Leoword\" \/>\n<meta name=\"twitter:label1\" content=\"Tiempo de lectura\" \/>\n\t<meta name=\"twitter:data1\" content=\"1 minuto\" \/>\n<script type=\"application\/ld+json\" class=\"yoast-schema-graph\">{\"@context\":\"https:\\\/\\\/schema.org\",\"@graph\":[{\"@type\":\"WebPage\",\"@id\":\"https:\\\/\\\/huescadrones.es\\\/hddrones\\\/drones\\\/\",\"url\":\"https:\\\/\\\/huescadrones.es\\\/hddrones\\\/drones\\\/\",\"name\":\"Drones * HD Drones\",\"isPartOf\":{\"@id\":\"https:\\\/\\\/huescadrones.es\\\/hddrones\\\/#website\"},\"primaryImageOfPage\":{\"@id\":\"https:\\\/\\\/huescadrones.es\\\/hddrones\\\/drones\\\/#primaryimage\"},\"image\":{\"@id\":\"https:\\\/\\\/huescadrones.es\\\/hddrones\\\/drones\\\/#primaryimage\"},\"thumbnailUrl\":\"https:\\\/\\\/huescadrones.es\\\/hddrones\\\/wp-content\\\/uploads\\\/2017\\\/02\\\/preguntas_frecuentes.jpg\",\"datePublished\":\"2017-02-07T20:12:09+00:00\",\"dateModified\":\"2023-06-17T21:34:37+00:00\",\"description\":\"Dise\u00f1ar y ofrecerte una aeronave especializada para tus trabajos, estabilizadores de c\u00e1maras a medida, detectores de gases...\",\"breadcrumb\":{\"@id\":\"https:\\\/\\\/huescadrones.es\\\/hddrones\\\/drones\\\/#breadcrumb\"},\"inLanguage\":\"es\",\"potentialAction\":[{\"@type\":\"ReadAction\",\"target\":[\"https:\\\/\\\/huescadrones.es\\\/hddrones\\\/drones\\\/\"]}]},{\"@type\":\"ImageObject\",\"inLanguage\":\"es\",\"@id\":\"https:\\\/\\\/huescadrones.es\\\/hddrones\\\/drones\\\/#primaryimage\",\"url\":\"https:\\\/\\\/huescadrones.es\\\/hddrones\\\/wp-content\\\/uploads\\\/2017\\\/02\\\/preguntas_frecuentes.jpg\",\"contentUrl\":\"https:\\\/\\\/huescadrones.es\\\/hddrones\\\/wp-content\\\/uploads\\\/2017\\\/02\\\/preguntas_frecuentes.jpg\",\"width\":1920,\"height\":1080},{\"@type\":\"BreadcrumbList\",\"@id\":\"https:\\\/\\\/huescadrones.es\\\/hddrones\\\/drones\\\/#breadcrumb\",\"itemListElement\":[{\"@type\":\"ListItem\",\"position\":1,\"name\":\"Portada\",\"item\":\"https:\\\/\\\/huescadrones.es\\\/hddrones\\\/\"},{\"@type\":\"ListItem\",\"position\":2,\"name\":\"Drones\"}]},{\"@type\":\"WebSite\",\"@id\":\"https:\\\/\\\/huescadrones.es\\\/hddrones\\\/#website\",\"url\":\"https:\\\/\\\/huescadrones.es\\\/hddrones\\\/\",\"name\":\"HD Drones\",\"description\":\"Instructores en Arag\u00f3n, ATO 238\",\"publisher\":{\"@id\":\"https:\\\/\\\/huescadrones.es\\\/hddrones\\\/#organization\"},\"potentialAction\":[{\"@type\":\"SearchAction\",\"target\":{\"@type\":\"EntryPoint\",\"urlTemplate\":\"https:\\\/\\\/huescadrones.es\\\/hddrones\\\/?s={search_term_string}\"},\"query-input\":{\"@type\":\"PropertyValueSpecification\",\"valueRequired\":true,\"valueName\":\"search_term_string\"}}],\"inLanguage\":\"es\"},{\"@type\":\"Organization\",\"@id\":\"https:\\\/\\\/huescadrones.es\\\/hddrones\\\/#organization\",\"name\":\"HD Drones\",\"url\":\"https:\\\/\\\/huescadrones.es\\\/hddrones\\\/\",\"logo\":{\"@type\":\"ImageObject\",\"inLanguage\":\"es\",\"@id\":\"https:\\\/\\\/huescadrones.es\\\/hddrones\\\/#\\\/schema\\\/logo\\\/image\\\/\",\"url\":\"https:\\\/\\\/huescadrones.es\\\/hddrones\\\/wp-content\\\/uploads\\\/2015\\\/12\\\/logovideo.png\",\"contentUrl\":\"https:\\\/\\\/huescadrones.es\\\/hddrones\\\/wp-content\\\/uploads\\\/2015\\\/12\\\/logovideo.png\",\"width\":50,\"height\":50,\"caption\":\"HD Drones\"},\"image\":{\"@id\":\"https:\\\/\\\/huescadrones.es\\\/hddrones\\\/#\\\/schema\\\/logo\\\/image\\\/\"},\"sameAs\":[\"https:\\\/\\\/www.facebook.com\\\/DronesHuesca\\\/\",\"https:\\\/\\\/x.com\\\/Leoword\",\"https:\\\/\\\/www.instagram.com\\\/alfredoclaver\\\/\",\"https:\\\/\\\/www.linkedin.com\\\/in\\\/alfredo-claver-turiegano-a1466128\\\/\",\"https:\\\/\\\/es.pinterest.com\\\/cuentamelo\\\/huesca-drones\\\/\",\"https:\\\/\\\/www.youtube.com\\\/channel\\\/UCIz564ElJKwd7IigIs3CWhg\"]}]}<\/script>\n<!-- \/ Yoast SEO plugin. -->","yoast_head_json":{"title":"Drones * HD Drones","description":"Dise\u00f1ar y ofrecerte una aeronave especializada para tus trabajos, estabilizadores de c\u00e1maras a medida, detectores de gases...","robots":{"index":"index","follow":"follow","max-snippet":"max-snippet:-1","max-image-preview":"max-image-preview:large","max-video-preview":"max-video-preview:-1"},"canonical":"https:\/\/huescadrones.es\/hddrones\/drones\/","og_locale":"es_ES","og_type":"article","og_title":"Drones * HD Drones","og_description":"Dise\u00f1ar y ofrecerte una aeronave especializada para tus trabajos, estabilizadores de c\u00e1maras a medida, detectores de gases...","og_url":"https:\/\/huescadrones.es\/hddrones\/drones\/","og_site_name":"HD Drones","article_publisher":"https:\/\/www.facebook.com\/DronesHuesca\/","article_modified_time":"2023-06-17T21:34:37+00:00","og_image":[{"width":1920,"height":1080,"url":"https:\/\/huescadrones.es\/hddrones\/wp-content\/uploads\/2017\/02\/preguntas_frecuentes.jpg","type":"image\/jpeg"}],"twitter_card":"summary_large_image","twitter_site":"@Leoword","twitter_misc":{"Tiempo de lectura":"1 minuto"},"schema":{"@context":"https:\/\/schema.org","@graph":[{"@type":"WebPage","@id":"https:\/\/huescadrones.es\/hddrones\/drones\/","url":"https:\/\/huescadrones.es\/hddrones\/drones\/","name":"Drones * HD Drones","isPartOf":{"@id":"https:\/\/huescadrones.es\/hddrones\/#website"},"primaryImageOfPage":{"@id":"https:\/\/huescadrones.es\/hddrones\/drones\/#primaryimage"},"image":{"@id":"https:\/\/huescadrones.es\/hddrones\/drones\/#primaryimage"},"thumbnailUrl":"https:\/\/huescadrones.es\/hddrones\/wp-content\/uploads\/2017\/02\/preguntas_frecuentes.jpg","datePublished":"2017-02-07T20:12:09+00:00","dateModified":"2023-06-17T21:34:37+00:00","description":"Dise\u00f1ar y ofrecerte una aeronave especializada para tus trabajos, estabilizadores de c\u00e1maras a medida, detectores de gases...","breadcrumb":{"@id":"https:\/\/huescadrones.es\/hddrones\/drones\/#breadcrumb"},"inLanguage":"es","potentialAction":[{"@type":"ReadAction","target":["https:\/\/huescadrones.es\/hddrones\/drones\/"]}]},{"@type":"ImageObject","inLanguage":"es","@id":"https:\/\/huescadrones.es\/hddrones\/drones\/#primaryimage","url":"https:\/\/huescadrones.es\/hddrones\/wp-content\/uploads\/2017\/02\/preguntas_frecuentes.jpg","contentUrl":"https:\/\/huescadrones.es\/hddrones\/wp-content\/uploads\/2017\/02\/preguntas_frecuentes.jpg","width":1920,"height":1080},{"@type":"BreadcrumbList","@id":"https:\/\/huescadrones.es\/hddrones\/drones\/#breadcrumb","itemListElement":[{"@type":"ListItem","position":1,"name":"Portada","item":"https:\/\/huescadrones.es\/hddrones\/"},{"@type":"ListItem","position":2,"name":"Drones"}]},{"@type":"WebSite","@id":"https:\/\/huescadrones.es\/hddrones\/#website","url":"https:\/\/huescadrones.es\/hddrones\/","name":"HD Drones","description":"Instructores en Arag\u00f3n, ATO 238","publisher":{"@id":"https:\/\/huescadrones.es\/hddrones\/#organization"},"potentialAction":[{"@type":"SearchAction","target":{"@type":"EntryPoint","urlTemplate":"https:\/\/huescadrones.es\/hddrones\/?s={search_term_string}"},"query-input":{"@type":"PropertyValueSpecification","valueRequired":true,"valueName":"search_term_string"}}],"inLanguage":"es"},{"@type":"Organization","@id":"https:\/\/huescadrones.es\/hddrones\/#organization","name":"HD Drones","url":"https:\/\/huescadrones.es\/hddrones\/","logo":{"@type":"ImageObject","inLanguage":"es","@id":"https:\/\/huescadrones.es\/hddrones\/#\/schema\/logo\/image\/","url":"https:\/\/huescadrones.es\/hddrones\/wp-content\/uploads\/2015\/12\/logovideo.png","contentUrl":"https:\/\/huescadrones.es\/hddrones\/wp-content\/uploads\/2015\/12\/logovideo.png","width":50,"height":50,"caption":"HD Drones"},"image":{"@id":"https:\/\/huescadrones.es\/hddrones\/#\/schema\/logo\/image\/"},"sameAs":["https:\/\/www.facebook.com\/DronesHuesca\/","https:\/\/x.com\/Leoword","https:\/\/www.instagram.com\/alfredoclaver\/","https:\/\/www.linkedin.com\/in\/alfredo-claver-turiegano-a1466128\/","https:\/\/es.pinterest.com\/cuentamelo\/huesca-drones\/","https:\/\/www.youtube.com\/channel\/UCIz564ElJKwd7IigIs3CWhg"]}]}},"jetpack_sharing_enabled":false,"_links":{"self":[{"href":"https:\/\/huescadrones.es\/hddrones\/wp-json\/wp\/v2\/pages\/2906","targetHints":{"allow":["GET"]}}],"collection":[{"href":"https:\/\/huescadrones.es\/hddrones\/wp-json\/wp\/v2\/pages"}],"about":[{"href":"https:\/\/huescadrones.es\/hddrones\/wp-json\/wp\/v2\/types\/page"}],"author":[{"embeddable":true,"href":"https:\/\/huescadrones.es\/hddrones\/wp-json\/wp\/v2\/users\/3"}],"replies":[{"embeddable":true,"href":"https:\/\/huescadrones.es\/hddrones\/wp-json\/wp\/v2\/comments?post=2906"}],"version-history":[{"count":0,"href":"https:\/\/huescadrones.es\/hddrones\/wp-json\/wp\/v2\/pages\/2906\/revisions"}],"wp:featuredmedia":[{"embeddable":true,"href":"https:\/\/huescadrones.es\/hddrones\/wp-json\/wp\/v2\/media\/3226"}],"wp:attachment":[{"href":"https:\/\/huescadrones.es\/hddrones\/wp-json\/wp\/v2\/media?parent=2906"}],"curies":[{"name":"wp","href":"https:\/\/api.w.org\/{rel}","templated":true}]}}